{"id":7736,"date":"2019-09-04T13:49:55","date_gmt":"2019-09-04T11:49:55","guid":{"rendered":"https:\/\/luciprogetti.it\/privacy-policy\/"},"modified":"2024-11-26T14:07:19","modified_gmt":"2024-11-26T13:07:19","slug":"privacy-policy","status":"publish","type":"page","link":"https:\/\/luciprogetti.it\/en\/privacy-policy\/","title":{"rendered":"Privacy Policy"},"content":{"rendered":"<div class=\"wpb-content-wrapper\"><p>[vc_row][vc_column][vc_column_text]<\/p>\n&#13;\n<h2 class=\"wp-block-heading\"><strong>PRIVACY POLICY FOR THE PROCESSING OF PERSONAL DATA PURSUANT TO GDPR 2016\/679<\/strong><\/h2>&#13;\n<p><strong>\u00a0<\/strong><\/p>&#13;\n<p>La presente informativa disciplina il trattamento dei dati personali effettuato dalla nostra societ\u00e0 all\u2019interno del presente sito web, in conformit\u00e0 alle vigenti norme in tema di protezione dei dati, in particolare, il Regolamento UE 2016\/679 (di seguito \u201cGDPR\u201d)<\/p>&#13;\n<p>\u00a0<\/p>&#13;\n<p>Titolare del Trattamento:\u00a0<strong>LUCI<\/strong><\/p>&#13;\n<p>Sede:\u00a0<strong>Viale Piacenza, 1-F \u2013 43126 Parma \u2013 Italy<\/strong><\/p>&#13;\n<p>Contatti e recapiti:\u00a0<strong>(+39) 0521 775727 \u2013 info@luciprogetti.it<\/strong><\/p>&#13;\n<p>\u00a0<\/p>&#13;\n<p>Il Titolare del Trattamento \u00e8 responsabile nei Suoi confronti del legittimo e corretto uso dei Suoi dati personali e potr\u00e0 essere contattato per qualsiasi informazione o richiesta in merito a tale trattamento.<\/p>&#13;\n<p><strong>\u00a0<\/strong><\/p>&#13;\n<p><strong>Informativa Privacy<\/strong><\/p>&#13;\n<p>In questa pagina si descrivono le modalit\u00e0 di gestione del sito in riferimento al trattamento dei dati personali degli utenti che lo consultano.<\/p>&#13;\n<p>Si tratta di un\u2019informativa resa ai sensi del nuovo GDPR 2016\/679 in materia di protezione dei dati personali a coloro che interagiscono con i servizi web accessibili per via telematica a partire dall\u2019indirizzo: www.luciprogetti.it .<\/p>&#13;\n<p>L\u2019informativa \u00e8 resa solo per il sito in oggetto e non anche per altri siti Web eventualmente consultati dall\u2019utente tramite link. Le indicazioni fornite di seguito riguardano in modo particolare la raccolta dei dati personali su Internet prefiggendosi di identificare le misure minime che dovranno essere attuate nei confronti delle persone interessate per garantire la lealt\u00e0 e liceit\u00e0 di tale pratiche.<\/p>&#13;\n<p>\u00a0<\/p>&#13;\n<p><strong>Luogo di trattamento dei dati<\/strong><\/p>&#13;\n<p>I trattamenti connessi ai servizi Web su questo sito hanno luogo presso la predetta sede e sono curati solo da dipendenti, collaboratori o incaricati al trattamento, oppure da eventuali incaricati di occasionali operazioni di manutenzione. Nessun dato derivante dal servizio Web viene comunicato o diffuso. I dati personali forniti dagli utenti che inoltrano richieste di invio di materiale informativo sono utilizzati al solo fine di eseguire il servizio o la prestazione richiesta e sono comunicati a terzi nel caso in cui ci\u00f2 sia a tal fine necessario.<\/p>&#13;\n<p>\u00a0<\/p>&#13;\n<p><strong>Dati, finalit\u00e0 e base giuridica<\/strong><\/p>&#13;\n<p>I sistemi informatici e i programmi informatici utilizzati per il funzionamento del sito raccolgono alcuni dati personali la cui trasmissione \u00e8 implicita nell\u2019uso dei protocolli di comunicazione di Internet (es. indirizzi IP o nomi a dominio dei computer utilizzati dagli utenti che si connettono al sito, gli indirizzi URI -Uniform Resource Identifier- delle risorse richieste, orario della richiesta, metodo utilizzato nel sottoporre la richiesta al server, dimensione del file ottenuto in risposta, codice numerico circa lo stato della risposta resa dal server \u2013 buon fine, errore, ecc.- ed altri parametri relativi al sistema operativo e all\u2019ambiente informatico dell\u2019utente). Bench\u00e9 si tratti di informazioni che non sono raccolte per essere associate a interessati identificati, per loro natura potrebbero, attraverso elaborazioni ed associazioni con dati detenuti da terzi, consentire di identificare gli utenti.<\/p>&#13;\n<p>Tali dati sono utilizzati al solo fine di ricavare informazioni statistiche non associate ad alcun dato identificativo dell\u2019utente sull\u2019uso del sito e per controllarne il corretto funzionamento e vengono cancellati immediatamente dopo l\u2019elaborazione. I dati potrebbero essere utilizzati per l\u2019accertamento di responsabilit\u00e0 in caso di ipotetici reati informatici ai danni del Sito.<\/p>&#13;\n<p>L\u2019invio facoltativo, esplicito e volontario, dei Suoi dati personali (nome, cognome, telefono, indirizzo e-mail, ecc\u2026) all\u2019indirizzo indicato su questo sito o compilando il form per la richiesta di un preventivo o per maggiori informazioni sulla nostra attivit\u00e0, comporta la successiva acquisizione dell\u2019indirizzo del mittente, necessario per rispondere alle richieste, nonch\u00e9 degli eventuali altri dati personali inseriti nella missiva.<\/p>&#13;\n<p><strong>\u00a0<\/strong><\/p>&#13;\n<p><strong>Newsletter e trattamento dei Suoi dati<\/strong><\/p>&#13;\n<p>Qualora Lei abbia fornito il proprio consenso mediante \u201cflag\u201d a ricevere comunicazioni commerciali, il trattamento dei suoi dati potr\u00e0 essere effettuato per inviare comunicazioni di marketing diretto, newsletter, attivit\u00e0 di invio di materiale pubblicitario, di compimento di ricerche di mercato, per mezzo di sistemi tradizionali di contatto e sistemi informatici automatizzati, ivi incluse comunicazioni commerciali o promozionali a mezzo e-mail o SMS; questo costituisce il consenso dell\u2019interessato, espresso in conformit\u00e0 alla presente informativa. In questo caso il consenso al trattamento dei dati personali non \u00e8 un obbligo di natura contrattuale. L\u2019interessato ha la facolt\u00e0 di fornire i dati personali; in caso di mancata comunicazione di tali dati, tuttavia, non sar\u00e0 possibile effettuare alcuna attivit\u00e0 di marketing. Il Titolare rende noto che, in relazione al diritto di opposizione al trattamento dati personali per finalit\u00e0 di marketing, resta salva la possibilit\u00e0 di esercitare tale diritto in parte, ossia opponendosi, ad esempio, al solo invio di comunicazioni promozionali effettuato tramite strumenti automatizzati e\/o digitali o, in alternativa, a quelli tradizionali.<\/p>&#13;\n<p>\u00a0<\/p>&#13;\n<p><strong>Destinatari e trasferimenti al di fuori dell\u2019Unione Europea<\/strong><\/p>&#13;\n<p>I Suoi dati non saranno cominciati a terzi o rivenduti per alcun motivo. I Suoi dati personali non saranno trasferiti verso nessun paese extra UE o organizzazione internazionale e potranno essere trattati da responsabili esterni formalmente nominati (il cui elenco \u00e8 disponibile su vostra richiesta) che appartengono a categorie di soggetti che supportano il titolare nell\u2019erogazione dei servizi offerti tramite il presente sito (es: sviluppatori software, gestori del sito web).<\/p>&#13;\n<p><strong>Comunicazione<\/strong><\/p>&#13;\n<p>I Suoi dati sono trattati all\u2019interno dell\u2019azienda dalle seguenti categorie di soggetti autorizzati e nominati incaricati dal Titolare:<br\/>\u2022 Ufficio marketing<br\/>\u2022 Sistemi informativi<\/p>&#13;\n<p>I Suoi dati possono essere comunicati a terzi, in particolare a:<br\/>\u2022 Provider esterno OVH<br\/>\u2022 Societ\u00e0 che effettuano la manutenzione ordinaria e straordinaria del sito web<br\/>\u2022 Societ\u00e0 terze che erogano servizi di terze parti<\/p>&#13;\n<p>\u00a0<\/p>&#13;\n<p>Potremo gestire alcuni dei vostri dati personali con servizi localizzati al di fuori dell\u2019area dell\u2019Unione Europea, ad esempio con il servizio MailChimp. Il trasferimento \u00e8 autorizzato in base a specifiche\u00a0<a href=\"http:\/\/www.garanteprivacy.it\/home\/provvedimenti-normativa\/normativa\/normativa-comunitaria-e-intenazionale\/trasferimento-dei-dati-verso-paesi-terzi\">decisioni dell\u2019Unione Europea e del Garante per la tutela dei dati personali<\/a>, in particolare la decisione 1250\/2016 (<a href=\"http:\/\/eur-lex.europa.eu\/legal-content\/IT\/TXT\/?uri=CELEX%3A32016D1250\">Privacy Shield<\/a>\u00a0\u2013 qui la\u00a0<a href=\"http:\/\/www.garanteprivacy.it\/web\/guest\/home\/docweb\/-\/docweb-display\/docweb\/5306161\">pagina informativa del Garante italiano<\/a>), per cui non occorre ulteriore consenso. I provider utilizzati garantiscono la propria adesione e conformit\u00e0 al Privacy Shield.<\/p>&#13;\n<p><strong>\u00a0<\/strong><\/p>&#13;\n<p><strong>Modalit\u00e0 di trattamento<\/strong><\/p>&#13;\n<p>I dati personali sono trattati con strumenti automatizzati per il tempo strettamente necessario a conseguire gli scopi per cui sono stati raccolti, salvo che le stesse informazioni formino oggetto di altri trattamenti da parte dello stesso Titolare. Specifiche misure di sicurezza sono osservate per prevenire la perdita dei dati, usi illeciti o non corretti in ottemperanza agli obblighi di adeguamento a misure minime di sicurezza.<\/p>&#13;\n<p>In ogni caso alla revoca del consenso i dati non verranno pi\u00f9 trattati.<\/p>&#13;\n<p>\u00a0<\/p>&#13;\n<p><strong>La informiamo inoltre dei seguenti diritti che pu\u00f2 vantare nei confronti del Titolare del trattamento:<\/strong><\/p>&#13;\n<p>Diritto di chiedere l\u2019accesso ai Suoi dati personali (art.15).<\/p>&#13;\n<p>Diritto di rettifica (art.16) o diritto di cancellazione dei dati personali (art.17).<\/p>&#13;\n<p>Diritto alla limitazione (art.18) o diritto all\u2019opposizione al trattamento (art.21).<\/p>&#13;\n<p>Diritto alla portabilit\u00e0 dei dati (art.20).<\/p>&#13;\n<p>Diritto di revocare il consenso fornito per una o pi\u00f9 finalit\u00e0 specifiche, in qualsiasi momento, restando impregiudicati i trattamenti effettuati prima della revoca del consenso (art. 7).<\/p>&#13;\n<p>Diritto di proporre reclamo al Garante per la protezione dei dati personali (art.77).<\/p>&#13;\n<p><strong>\u00a0<\/strong><\/p>&#13;\n<p>Le istanze di esercizio dei diritti indicati nella presente informativa, ivi inclusi, in particolare, il diritto alla cancellazione ed il diritto alla revoca del consenso prestato dovranno essere indirizzate direttamente al Titolare all\u2019indirizzo email: info@luciprogetti.it<\/p>&#13;\n<footer class=\"footer-side-nav\">&#13;\n<div class=\"subfooter\">&#13;\n<div class=\"container\">&#13;\n<div class=\"row\">\u00a0<\/div>&#13;\n<\/div>&#13;\n<\/div>&#13;\n<\/footer>&#13;\n<p>[\/vc_column_text][\/vc_column][\/vc_row]<\/p><\/div>","protected":false},"excerpt":{"rendered":"<p>[vc_row][vc_column][vc_column_text] &#13; PRIVACY POLICY FOR THE PROCESSING OF PERSONAL DATA PURSUANT TO GDPR 2016\/679 &#13; \u00a0 &#13; La presente informativa disciplina il trattamento dei dati personali effettuato dalla nostra societ\u00e0 all\u2019interno del presente sito web, in conformit\u00e0 alle vigenti norme in tema di protezione dei dati, in particolare, il Regolamento UE 2016\/679 (di seguito \u201cGDPR\u201d)&#8230;<\/p>\n<p><a rel=\"bookmark\" class=\"theme-button-text wvc-button wvc-button-size-xs\" href=\"https:\/\/luciprogetti.it\/en\/privacy-policy\/\"><small class=\"wvc-button-background-fill\"><\/small><span>Continue reading<\/span><\/a><\/p>\n","protected":false},"author":1,"featured_media":0,"parent":0,"menu_order":0,"comment_status":"closed","ping_status":"closed","template":"","meta":{"footnotes":""},"class_list":{"0":"post-7736","1":"page","2":"type-page","3":"status-publish","4":"hentry","5":"entry","6":"clearfix","7":"entry-grid","8":"entry-columns-default","9":"entry-page-module-layout-standard","10":"no-post-thumbnail","11":"entry-page","13":"entry-page-grid"},"yoast_head":"<!-- This site is optimized with the Yoast SEO plugin v27.3 - https:\/\/yoast.com\/product\/yoast-seo-wordpress\/ -->\n<title>Privacy Policy - Luci Progetti<\/title>\n<meta name=\"robots\" content=\"index, follow, max-snippet:-1, max-image-preview:large, max-video-preview:-1\" \/>\n<link rel=\"canonical\" href=\"https:\/\/luciprogetti.it\/en\/privacy-policy\/\" \/>\n<meta property=\"og:locale\" content=\"en_US\" \/>\n<meta property=\"og:type\" content=\"article\" \/>\n<meta property=\"og:title\" content=\"Privacy Policy - Luci Progetti\" \/>\n<meta property=\"og:description\" content=\"[vc_row][vc_column][vc_column_text] &#013; PRIVACY POLICY FOR THE PROCESSING OF PERSONAL DATA PURSUANT TO GDPR 2016\/679 &#013; \u00a0 &#013; La presente informativa disciplina il trattamento dei dati personali effettuato dalla nostra societ\u00e0 all\u2019interno del presente sito web, in conformit\u00e0 alle vigenti norme in tema di protezione dei dati, in particolare, il Regolamento UE 2016\/679 (di seguito \u201cGDPR\u201d)...Continue reading\" \/>\n<meta property=\"og:url\" content=\"https:\/\/luciprogetti.it\/en\/privacy-policy\/\" \/>\n<meta property=\"og:site_name\" content=\"Luci Progetti\" \/>\n<meta property=\"article:publisher\" content=\"https:\/\/www.facebook.com\/luci.progetti.it\/\" \/>\n<meta property=\"article:modified_time\" content=\"2024-11-26T13:07:19+00:00\" \/>\n<meta name=\"twitter:card\" content=\"summary_large_image\" \/>\n<meta name=\"twitter:label1\" content=\"Est. reading time\" \/>\n\t<meta name=\"twitter:data1\" content=\"6 minutes\" \/>\n<script type=\"application\/ld+json\" class=\"yoast-schema-graph\">{\"@context\":\"https:\\\/\\\/schema.org\",\"@graph\":[{\"@type\":\"WebPage\",\"@id\":\"https:\\\/\\\/luciprogetti.it\\\/en\\\/privacy-policy\\\/\",\"url\":\"https:\\\/\\\/luciprogetti.it\\\/en\\\/privacy-policy\\\/\",\"name\":\"Privacy Policy - Luci Progetti\",\"isPartOf\":{\"@id\":\"https:\\\/\\\/luciprogetti.it\\\/en\\\/#website\"},\"datePublished\":\"2019-09-04T11:49:55+00:00\",\"dateModified\":\"2024-11-26T13:07:19+00:00\",\"breadcrumb\":{\"@id\":\"https:\\\/\\\/luciprogetti.it\\\/en\\\/privacy-policy\\\/#breadcrumb\"},\"inLanguage\":\"en-US\",\"potentialAction\":[{\"@type\":\"ReadAction\",\"target\":[\"https:\\\/\\\/luciprogetti.it\\\/en\\\/privacy-policy\\\/\"]}]},{\"@type\":\"BreadcrumbList\",\"@id\":\"https:\\\/\\\/luciprogetti.it\\\/en\\\/privacy-policy\\\/#breadcrumb\",\"itemListElement\":[{\"@type\":\"ListItem\",\"position\":1,\"name\":\"Home\",\"item\":\"https:\\\/\\\/luciprogetti.it\\\/en\\\/\"},{\"@type\":\"ListItem\",\"position\":2,\"name\":\"Privacy Policy\"}]},{\"@type\":\"WebSite\",\"@id\":\"https:\\\/\\\/luciprogetti.it\\\/en\\\/#website\",\"url\":\"https:\\\/\\\/luciprogetti.it\\\/en\\\/\",\"name\":\"Luci Progetti\",\"description\":\"Lampade Artigianali Vintage e Moderne\",\"publisher\":{\"@id\":\"https:\\\/\\\/luciprogetti.it\\\/en\\\/#organization\"},\"potentialAction\":[{\"@type\":\"SearchAction\",\"target\":{\"@type\":\"EntryPoint\",\"urlTemplate\":\"https:\\\/\\\/luciprogetti.it\\\/en\\\/?s={search_term_string}\"},\"query-input\":{\"@type\":\"PropertyValueSpecification\",\"valueRequired\":true,\"valueName\":\"search_term_string\"}}],\"inLanguage\":\"en-US\"},{\"@type\":\"Organization\",\"@id\":\"https:\\\/\\\/luciprogetti.it\\\/en\\\/#organization\",\"name\":\"LUCI s.r.l.\",\"url\":\"https:\\\/\\\/luciprogetti.it\\\/en\\\/\",\"logo\":{\"@type\":\"ImageObject\",\"inLanguage\":\"en-US\",\"@id\":\"https:\\\/\\\/luciprogetti.it\\\/en\\\/#\\\/schema\\\/logo\\\/image\\\/\",\"url\":\"https:\\\/\\\/luciprogetti.it\\\/wp-content\\\/uploads\\\/2023\\\/10\\\/logo-luci-progetti.webp\",\"contentUrl\":\"https:\\\/\\\/luciprogetti.it\\\/wp-content\\\/uploads\\\/2023\\\/10\\\/logo-luci-progetti.webp\",\"width\":1000,\"height\":414,\"caption\":\"LUCI s.r.l.\"},\"image\":{\"@id\":\"https:\\\/\\\/luciprogetti.it\\\/en\\\/#\\\/schema\\\/logo\\\/image\\\/\"},\"sameAs\":[\"https:\\\/\\\/www.facebook.com\\\/luci.progetti.it\\\/\",\"https:\\\/\\\/www.instagram.com\\\/luci.progetti\\\/\"]}]}<\/script>\n<!-- \/ Yoast SEO plugin. -->","yoast_head_json":{"title":"Privacy Policy - Luci Progetti","robots":{"index":"index","follow":"follow","max-snippet":"max-snippet:-1","max-image-preview":"max-image-preview:large","max-video-preview":"max-video-preview:-1"},"canonical":"https:\/\/luciprogetti.it\/en\/privacy-policy\/","og_locale":"en_US","og_type":"article","og_title":"Privacy Policy - Luci Progetti","og_description":"[vc_row][vc_column][vc_column_text] &#13; PRIVACY POLICY FOR THE PROCESSING OF PERSONAL DATA PURSUANT TO GDPR 2016\/679 &#13; \u00a0 &#13; La presente informativa disciplina il trattamento dei dati personali effettuato dalla nostra societ\u00e0 all\u2019interno del presente sito web, in conformit\u00e0 alle vigenti norme in tema di protezione dei dati, in particolare, il Regolamento UE 2016\/679 (di seguito \u201cGDPR\u201d)...Continue reading","og_url":"https:\/\/luciprogetti.it\/en\/privacy-policy\/","og_site_name":"Luci Progetti","article_publisher":"https:\/\/www.facebook.com\/luci.progetti.it\/","article_modified_time":"2024-11-26T13:07:19+00:00","twitter_card":"summary_large_image","twitter_misc":{"Est. reading time":"6 minutes"},"schema":{"@context":"https:\/\/schema.org","@graph":[{"@type":"WebPage","@id":"https:\/\/luciprogetti.it\/en\/privacy-policy\/","url":"https:\/\/luciprogetti.it\/en\/privacy-policy\/","name":"Privacy Policy - Luci Progetti","isPartOf":{"@id":"https:\/\/luciprogetti.it\/en\/#website"},"datePublished":"2019-09-04T11:49:55+00:00","dateModified":"2024-11-26T13:07:19+00:00","breadcrumb":{"@id":"https:\/\/luciprogetti.it\/en\/privacy-policy\/#breadcrumb"},"inLanguage":"en-US","potentialAction":[{"@type":"ReadAction","target":["https:\/\/luciprogetti.it\/en\/privacy-policy\/"]}]},{"@type":"BreadcrumbList","@id":"https:\/\/luciprogetti.it\/en\/privacy-policy\/#breadcrumb","itemListElement":[{"@type":"ListItem","position":1,"name":"Home","item":"https:\/\/luciprogetti.it\/en\/"},{"@type":"ListItem","position":2,"name":"Privacy Policy"}]},{"@type":"WebSite","@id":"https:\/\/luciprogetti.it\/en\/#website","url":"https:\/\/luciprogetti.it\/en\/","name":"Luci Progetti","description":"Lampade Artigianali Vintage e Moderne","publisher":{"@id":"https:\/\/luciprogetti.it\/en\/#organization"},"potentialAction":[{"@type":"SearchAction","target":{"@type":"EntryPoint","urlTemplate":"https:\/\/luciprogetti.it\/en\/?s={search_term_string}"},"query-input":{"@type":"PropertyValueSpecification","valueRequired":true,"valueName":"search_term_string"}}],"inLanguage":"en-US"},{"@type":"Organization","@id":"https:\/\/luciprogetti.it\/en\/#organization","name":"LUCI s.r.l.","url":"https:\/\/luciprogetti.it\/en\/","logo":{"@type":"ImageObject","inLanguage":"en-US","@id":"https:\/\/luciprogetti.it\/en\/#\/schema\/logo\/image\/","url":"https:\/\/luciprogetti.it\/wp-content\/uploads\/2023\/10\/logo-luci-progetti.webp","contentUrl":"https:\/\/luciprogetti.it\/wp-content\/uploads\/2023\/10\/logo-luci-progetti.webp","width":1000,"height":414,"caption":"LUCI s.r.l."},"image":{"@id":"https:\/\/luciprogetti.it\/en\/#\/schema\/logo\/image\/"},"sameAs":["https:\/\/www.facebook.com\/luci.progetti.it\/","https:\/\/www.instagram.com\/luci.progetti\/"]}]}},"_links":{"self":[{"href":"https:\/\/luciprogetti.it\/en\/wp-json\/wp\/v2\/pages\/7736","targetHints":{"allow":["GET"]}}],"collection":[{"href":"https:\/\/luciprogetti.it\/en\/wp-json\/wp\/v2\/pages"}],"about":[{"href":"https:\/\/luciprogetti.it\/en\/wp-json\/wp\/v2\/types\/page"}],"author":[{"embeddable":true,"href":"https:\/\/luciprogetti.it\/en\/wp-json\/wp\/v2\/users\/1"}],"replies":[{"embeddable":true,"href":"https:\/\/luciprogetti.it\/en\/wp-json\/wp\/v2\/comments?post=7736"}],"version-history":[{"count":1,"href":"https:\/\/luciprogetti.it\/en\/wp-json\/wp\/v2\/pages\/7736\/revisions"}],"predecessor-version":[{"id":7737,"href":"https:\/\/luciprogetti.it\/en\/wp-json\/wp\/v2\/pages\/7736\/revisions\/7737"}],"wp:attachment":[{"href":"https:\/\/luciprogetti.it\/en\/wp-json\/wp\/v2\/media?parent=7736"}],"curies":[{"name":"wp","href":"https:\/\/api.w.org\/{rel}","templated":true}]}}